{"id":528,"date":"2025-06-17T13:47:09","date_gmt":"2025-06-17T13:47:09","guid":{"rendered":"https:\/\/clubecampestrerv.com.br\/site\/?page_id=528"},"modified":"2025-07-25T17:41:21","modified_gmt":"2025-07-25T17:41:21","slug":"biribol","status":"publish","type":"page","link":"http:\/\/clubecampestrerv.com.br\/site\/esportes\/biribol\/","title":{"rendered":"Biribol"},"content":{"rendered":"\t\t<div data-elementor-type=\"wp-page\" data-elementor-id=\"528\" class=\"elementor elementor-528\" data-elementor-post-type=\"page\">\n\t\t\t\t<div class=\"elementor-element elementor-element-80694db e-flex e-con-boxed e-con e-parent\" data-id=\"80694db\" data-element_type=\"container\" data-settings=\"{&quot;background_background&quot;:&quot;classic&quot;}\">\n\t\t\t\t\t<div class=\"e-con-inner\">\n\t\t\t\t<div class=\"elementor-element elementor-element-f3859ef elementor-widget elementor-widget-heading\" data-id=\"f3859ef\" data-element_type=\"widget\" data-widget_type=\"heading.default\">\n\t\t\t\t<div class=\"elementor-widget-container\">\n\t\t\t\t\t<h1 class=\"elementor-heading-title elementor-size-default\">Biribol<\/h1>\t\t\t\t<\/div>\n\t\t\t\t<\/div>\n\t\t<div class=\"elementor-element elementor-element-da32344 e-con-full e-grid e-con e-child\" data-id=\"da32344\" data-element_type=\"container\" data-settings=\"{&quot;background_background&quot;:&quot;classic&quot;}\">\n\t\t\t\t<div class=\"elementor-element elementor-element-61d56e9 elementor-hidden-mobile elementor-widget-divider--view-line elementor-widget elementor-widget-divider\" data-id=\"61d56e9\" data-element_type=\"widget\" data-widget_type=\"divider.default\">\n\t\t\t\t<div class=\"elementor-widget-container\">\n\t\t\t\t\t\t\t<div class=\"elementor-divider\">\n\t\t\t<span class=\"elementor-divider-separator\">\n\t\t\t\t\t\t<\/span>\n\t\t<\/div>\n\t\t\t\t\t\t<\/div>\n\t\t\t\t<\/div>\n\t\t\t\t<div class=\"elementor-element elementor-element-a666fa3 elementor-widget elementor-widget-text-editor\" data-id=\"a666fa3\" data-element_type=\"widget\" data-widget_type=\"text-editor.default\">\n\t\t\t\t<div class=\"elementor-widget-container\">\n\t\t\t\t\t\t\t\t\t<p>Divers\u00e3o e atividade f\u00edsica dentro da piscina!<\/p>\t\t\t\t\t\t\t\t<\/div>\n\t\t\t\t<\/div>\n\t\t\t\t<\/div>\n\t\t\t\t\t<\/div>\n\t\t\t\t<\/div>\n\t\t<div class=\"elementor-element elementor-element-24a3d44 e-flex e-con-boxed e-con e-parent\" data-id=\"24a3d44\" data-element_type=\"container\" data-settings=\"{&quot;background_background&quot;:&quot;classic&quot;,&quot;shape_divider_bottom&quot;:&quot;wave-brush&quot;}\">\n\t\t\t\t\t<div class=\"e-con-inner\">\n\t\t\t\t<div class=\"elementor-shape elementor-shape-bottom\" aria-hidden=\"true\" data-negative=\"false\">\n\t\t\t<svg xmlns=\"http:\/\/www.w3.org\/2000\/svg\" viewBox=\"0 0 283.5 27.8\" preserveAspectRatio=\"none\">\n\t<path class=\"elementor-shape-fill\" d=\"M283.5,9.7c0,0-7.3,4.3-14,4.6c-6.8,0.3-12.6,0-20.9-1.5c-11.3-2-33.1-10.1-44.7-5.7\ts-12.1,4.6-18,7.4c-6.6,3.2-20,9.6-36.6,9.3C131.6,23.5,99.5,7.2,86.3,8c-1.4,0.1-6.6,0.8-10.5,2c-3.8,1.2-9.4,3.8-17,4.7\tc-3.2,0.4-8.3,1.1-14.2,0.9c-1.5-0.1-6.3-0.4-12-1.6c-5.7-1.2-11-3.1-15.8-3.7C6.5,9.2,0,10.8,0,10.8V0h283.5V9.7z M260.8,11.3\tc-0.7-1-2-0.4-4.3-0.4c-2.3,0-6.1-1.2-5.8-1.1c0.3,0.1,3.1,1.5,6,1.9C259.7,12.2,261.4,12.3,260.8,11.3z M242.4,8.6\tc0,0-2.4-0.2-5.6-0.9c-3.2-0.8-10.3-2.8-15.1-3.5c-8.2-1.1-15.8,0-15.1,0.1c0.8,0.1,9.6-0.6,17.6,1.1c3.3,0.7,9.3,2.2,12.4,2.7\tC239.9,8.7,242.4,8.6,242.4,8.6z M185.2,8.5c1.7-0.7-13.3,4.7-18.5,6.1c-2.1,0.6-6.2,1.6-10,2c-3.9,0.4-8.9,0.4-8.8,0.5\tc0,0.2,5.8,0.8,11.2,0c5.4-0.8,5.2-1.1,7.6-1.6C170.5,14.7,183.5,9.2,185.2,8.5z M199.1,6.9c0.2,0-0.8-0.4-4.8,1.1\tc-4,1.5-6.7,3.5-6.9,3.7c-0.2,0.1,3.5-1.8,6.6-3C197,7.5,199,6.9,199.1,6.9z M283,6c-0.1,0.1-1.9,1.1-4.8,2.5s-6.9,2.8-6.7,2.7\tc0.2,0,3.5-0.6,7.4-2.5C282.8,6.8,283.1,5.9,283,6z M31.3,11.6c0.1-0.2-1.9-0.2-4.5-1.2s-5.4-1.6-7.8-2C15,7.6,7.3,8.5,7.7,8.6\tC8,8.7,15.9,8.3,20.2,9.3c2.2,0.5,2.4,0.5,5.7,1.6S31.2,11.9,31.3,11.6z M73,9.2c0.4-0.1,3.5-1.6,8.4-2.6c4.9-1.1,8.9-0.5,8.9-0.8\tc0-0.3-1-0.9-6.2-0.3S72.6,9.3,73,9.2z M71.6,6.7C71.8,6.8,75,5.4,77.3,5c2.3-0.3,1.9-0.5,1.9-0.6c0-0.1-1.1-0.2-2.7,0.2\tC74.8,5.1,71.4,6.6,71.6,6.7z M93.6,4.4c0.1,0.2,3.5,0.8,5.6,1.8c2.1,1,1.8,0.6,1.9,0.5c0.1-0.1-0.8-0.8-2.4-1.3\tC97.1,4.8,93.5,4.2,93.6,4.4z M65.4,11.1c-0.1,0.3,0.3,0.5,1.9-0.2s2.6-1.3,2.2-1.2s-0.9,0.4-2.5,0.8C65.3,10.9,65.5,10.8,65.4,11.1\tz M34.5,12.4c-0.2,0,2.1,0.8,3.3,0.9c1.2,0.1,2,0.1,2-0.2c0-0.3-0.1-0.5-1.6-0.4C36.6,12.8,34.7,12.4,34.5,12.4z M152.2,21.1\tc-0.1,0.1-2.4-0.3-7.5-0.3c-5,0-13.6-2.4-17.2-3.5c-3.6-1.1,10,3.9,16.5,4.1C150.5,21.6,152.3,21,152.2,21.1z\"\/>\n\t<path class=\"elementor-shape-fill\" d=\"M269.6,18c-0.1-0.1-4.6,0.3-7.2,0c-7.3-0.7-17-3.2-16.6-2.9c0.4,0.3,13.7,3.1,17,3.3\tC267.7,18.8,269.7,18,269.6,18z\"\/>\n\t<path class=\"elementor-shape-fill\" d=\"M227.4,9.8c-0.2-0.1-4.5-1-9.5-1.2c-5-0.2-12.7,0.6-12.3,0.5c0.3-0.1,5.9-1.8,13.3-1.2\tS227.6,9.9,227.4,9.8z\"\/>\n\t<path class=\"elementor-shape-fill\" d=\"M204.5,13.4c-0.1-0.1,2-1,3.2-1.1c1.2-0.1,2,0,2,0.3c0,0.3-0.1,0.5-1.6,0.4\tC206.4,12.9,204.6,13.5,204.5,13.4z\"\/>\n\t<path class=\"elementor-shape-fill\" d=\"M201,10.6c0-0.1-4.4,1.2-6.3,2.2c-1.9,0.9-6.2,3.1-6.1,3.1c0.1,0.1,4.2-1.6,6.3-2.6\tS201,10.7,201,10.6z\"\/>\n\t<path class=\"elementor-shape-fill\" d=\"M154.5,26.7c-0.1-0.1-4.6,0.3-7.2,0c-7.3-0.7-17-3.2-16.6-2.9c0.4,0.3,13.7,3.1,17,3.3\tC152.6,27.5,154.6,26.8,154.5,26.7z\"\/>\n\t<path class=\"elementor-shape-fill\" d=\"M41.9,19.3c0,0,1.2-0.3,2.9-0.1c1.7,0.2,5.8,0.9,8.2,0.7c4.2-0.4,7.4-2.7,7-2.6\tc-0.4,0-4.3,2.2-8.6,1.9c-1.8-0.1-5.1-0.5-6.7-0.4S41.9,19.3,41.9,19.3z\"\/>\n\t<path class=\"elementor-shape-fill\" d=\"M75.5,12.6c0.2,0.1,2-0.8,4.3-1.1c2.3-0.2,2.1-0.3,2.1-0.5c0-0.1-1.8-0.4-3.4,0\tC76.9,11.5,75.3,12.5,75.5,12.6z\"\/>\n\t<path class=\"elementor-shape-fill\" d=\"M15.6,13.2c0-0.1,4.3,0,6.7,0.5c2.4,0.5,5,1.9,5,2c0,0.1-2.7-0.8-5.1-1.4\tC19.9,13.7,15.7,13.3,15.6,13.2z\"\/>\n<\/svg>\t\t<\/div>\n\t\t<div class=\"elementor-element elementor-element-ee58937 e-con-full e-flex e-con e-child\" data-id=\"ee58937\" data-element_type=\"container\">\n\t\t\t\t<div class=\"elementor-element elementor-element-eef6104 elementor-widget elementor-widget-image\" data-id=\"eef6104\" data-element_type=\"widget\" data-widget_type=\"image.default\">\n\t\t\t\t<div class=\"elementor-widget-container\">\n\t\t\t\t\t\t\t\t\t\t\t\t\t\t\t<img fetchpriority=\"high\" decoding=\"async\" width=\"1280\" height=\"960\" src=\"http:\/\/clubecampestrerv.com.br\/site\/wp-content\/uploads\/2025\/06\/clube-campestre-em-rio-verde-goias-87.webp\" class=\"attachment-full size-full wp-image-635\" alt=\"\" srcset=\"http:\/\/clubecampestrerv.com.br\/site\/wp-content\/uploads\/2025\/06\/clube-campestre-em-rio-verde-goias-87.webp 1280w, http:\/\/clubecampestrerv.com.br\/site\/wp-content\/uploads\/2025\/06\/clube-campestre-em-rio-verde-goias-87-300x225.webp 300w, http:\/\/clubecampestrerv.com.br\/site\/wp-content\/uploads\/2025\/06\/clube-campestre-em-rio-verde-goias-87-1024x768.webp 1024w, http:\/\/clubecampestrerv.com.br\/site\/wp-content\/uploads\/2025\/06\/clube-campestre-em-rio-verde-goias-87-768x576.webp 768w\" sizes=\"(max-width: 1280px) 100vw, 1280px\" \/>\t\t\t\t\t\t\t\t\t\t\t\t\t\t\t<\/div>\n\t\t\t\t<\/div>\n\t\t\t\t<\/div>\n\t\t<div class=\"elementor-element elementor-element-9310580 e-con-full e-flex e-con e-child\" data-id=\"9310580\" data-element_type=\"container\">\n\t\t\t\t<div class=\"elementor-element elementor-element-2ed7cd8 elementor-widget elementor-widget-heading\" data-id=\"2ed7cd8\" data-element_type=\"widget\" data-widget_type=\"heading.default\">\n\t\t\t\t<div class=\"elementor-widget-container\">\n\t\t\t\t\t<h2 class=\"elementor-heading-title elementor-size-default\">Biribol<\/h2>\t\t\t\t<\/div>\n\t\t\t\t<\/div>\n\t\t\t\t<div class=\"elementor-element elementor-element-06a936f elementor-widget-divider--separator-type-pattern elementor-widget-divider--no-spacing elementor-widget-divider--view-line elementor-widget elementor-widget-divider\" data-id=\"06a936f\" data-element_type=\"widget\" data-widget_type=\"divider.default\">\n\t\t\t\t<div class=\"elementor-widget-container\">\n\t\t\t\t\t\t\t<div class=\"elementor-divider\" style=\"--divider-pattern-url: url(&quot;data:image\/svg+xml,%3Csvg xmlns=&#039;http:\/\/www.w3.org\/2000\/svg&#039; preserveAspectRatio=&#039;none&#039; overflow=&#039;visible&#039; height=&#039;100%&#039; viewBox=&#039;0 0 24 24&#039; fill=&#039;black&#039; stroke=&#039;none&#039;%3E%3Cpath d=&#039;M24,8v12H0V8H24z M24,4v1H0V4H24z&#039;\/%3E%3C\/svg%3E&quot;);\">\n\t\t\t<span class=\"elementor-divider-separator\">\n\t\t\t\t\t\t<\/span>\n\t\t<\/div>\n\t\t\t\t\t\t<\/div>\n\t\t\t\t<\/div>\n\t\t\t\t<div class=\"elementor-element elementor-element-55920bd elementor-widget elementor-widget-text-editor\" data-id=\"55920bd\" data-element_type=\"widget\" data-widget_type=\"text-editor.default\">\n\t\t\t\t<div class=\"elementor-widget-container\">\n\t\t\t\t\t\t\t\t\t<p>O biribol \u00e9 um esporte coletivo originalmente brasileiro. \u00c9 praticado dentro de uma piscina com 4 m x 8 m x 1,30 (profundidade) com rede (a 2,62 metros de altura para o masculino e 2,40 metros para o feminino), bola espec\u00edfica e postes de sustenta\u00e7\u00e3o.<\/p>\t\t\t\t\t\t\t\t<\/div>\n\t\t\t\t<\/div>\n\t\t\t\t<div class=\"elementor-element elementor-element-df591c1 elementor-widget elementor-widget-button\" data-id=\"df591c1\" data-element_type=\"widget\" data-widget_type=\"button.default\">\n\t\t\t\t<div class=\"elementor-widget-container\">\n\t\t\t\t\t\t\t\t\t<div class=\"elementor-button-wrapper\">\n\t\t\t\t\t<a class=\"elementor-button elementor-button-link elementor-size-sm\" href=\"https:\/\/wa.me\/5564999175120?text=Ol%C3%A1%2C%20vim%20pelo%20site%20do%20Clube%20Campestre%20e%20gostaria%20de%20atendimento.\" target=\"_blank\">\n\t\t\t\t\t\t<span class=\"elementor-button-content-wrapper\">\n\t\t\t\t\t\t<span class=\"elementor-button-icon\">\n\t\t\t\t<svg aria-hidden=\"true\" class=\"e-font-icon-svg e-fab-whatsapp\" viewBox=\"0 0 448 512\" xmlns=\"http:\/\/www.w3.org\/2000\/svg\"><path d=\"M380.9 97.1C339 55.1 283.2 32 223.9 32c-122.4 0-222 99.6-222 222 0 39.1 10.2 77.3 29.6 111L0 480l117.7-30.9c32.4 17.7 68.9 27 106.1 27h.1c122.3 0 224.1-99.6 224.1-222 0-59.3-25.2-115-67.1-157zm-157 341.6c-33.2 0-65.7-8.9-94-25.7l-6.7-4-69.8 18.3L72 359.2l-4.4-7c-18.5-29.4-28.2-63.3-28.2-98.2 0-101.7 82.8-184.5 184.6-184.5 49.3 0 95.6 19.2 130.4 54.1 34.8 34.9 56.2 81.2 56.1 130.5 0 101.8-84.9 184.6-186.6 184.6zm101.2-138.2c-5.5-2.8-32.8-16.2-37.9-18-5.1-1.9-8.8-2.8-12.5 2.8-3.7 5.6-14.3 18-17.6 21.8-3.2 3.7-6.5 4.2-12 1.4-32.6-16.3-54-29.1-75.5-66-5.7-9.8 5.7-9.1 16.3-30.3 1.8-3.7.9-6.9-.5-9.7-1.4-2.8-12.5-30.1-17.1-41.2-4.5-10.8-9.1-9.3-12.5-9.5-3.2-.2-6.9-.2-10.6-.2-3.7 0-9.7 1.4-14.8 6.9-5.1 5.6-19.4 19-19.4 46.3 0 27.3 19.9 53.7 22.6 57.4 2.8 3.7 39.1 59.7 94.8 83.8 35.2 15.2 49 16.5 66.6 13.9 10.7-1.6 32.8-13.4 37.4-26.4 4.6-13 4.6-24.1 3.2-26.4-1.3-2.5-5-3.9-10.5-6.6z\"><\/path><\/svg>\t\t\t<\/span>\n\t\t\t\t\t\t\t\t\t<span class=\"elementor-button-text\">solicitar atendimento<\/span>\n\t\t\t\t\t<\/span>\n\t\t\t\t\t<\/a>\n\t\t\t\t<\/div>\n\t\t\t\t\t\t\t\t<\/div>\n\t\t\t\t<\/div>\n\t\t\t\t<\/div>\n\t\t\t\t<div class=\"elementor-element elementor-element-b7996eb elementor-widget-divider--view-line elementor-widget elementor-widget-divider\" data-id=\"b7996eb\" data-element_type=\"widget\" data-widget_type=\"divider.default\">\n\t\t\t\t<div class=\"elementor-widget-container\">\n\t\t\t\t\t\t\t<div class=\"elementor-divider\">\n\t\t\t<span class=\"elementor-divider-separator\">\n\t\t\t\t\t\t<\/span>\n\t\t<\/div>\n\t\t\t\t\t\t<\/div>\n\t\t\t\t<\/div>\n\t\t\t\t<div class=\"elementor-element elementor-element-11dba8d elementor-arrows-position-inside elementor-pagination-position-outside elementor-widget elementor-widget-image-carousel\" data-id=\"11dba8d\" data-element_type=\"widget\" data-settings=\"{&quot;slides_to_show&quot;:&quot;2&quot;,&quot;image_spacing_custom&quot;:{&quot;unit&quot;:&quot;px&quot;,&quot;size&quot;:12,&quot;sizes&quot;:[]},&quot;navigation&quot;:&quot;both&quot;,&quot;autoplay&quot;:&quot;yes&quot;,&quot;pause_on_hover&quot;:&quot;yes&quot;,&quot;pause_on_interaction&quot;:&quot;yes&quot;,&quot;autoplay_speed&quot;:5000,&quot;infinite&quot;:&quot;yes&quot;,&quot;speed&quot;:500,&quot;image_spacing_custom_tablet&quot;:{&quot;unit&quot;:&quot;px&quot;,&quot;size&quot;:&quot;&quot;,&quot;sizes&quot;:[]},&quot;image_spacing_custom_mobile&quot;:{&quot;unit&quot;:&quot;px&quot;,&quot;size&quot;:&quot;&quot;,&quot;sizes&quot;:[]}}\" data-widget_type=\"image-carousel.default\">\n\t\t\t\t<div class=\"elementor-widget-container\">\n\t\t\t\t\t\t\t<div class=\"elementor-image-carousel-wrapper swiper\" role=\"region\" aria-roledescription=\"carousel\" aria-label=\"Carrossel de imagens\" dir=\"ltr\">\n\t\t\t<div class=\"elementor-image-carousel swiper-wrapper\" aria-live=\"off\">\n\t\t\t\t\t\t\t\t<div class=\"swiper-slide\" role=\"group\" aria-roledescription=\"slide\" aria-label=\"1 de 4\"><figure class=\"swiper-slide-inner\"><img decoding=\"async\" class=\"swiper-slide-image\" src=\"http:\/\/clubecampestrerv.com.br\/site\/wp-content\/uploads\/2025\/06\/clube-campestre-em-rio-verde-goias-90.webp\" alt=\"clube-campestre-em-rio-verde-goias-90\" \/><\/figure><\/div><div class=\"swiper-slide\" role=\"group\" aria-roledescription=\"slide\" aria-label=\"2 de 4\"><figure class=\"swiper-slide-inner\"><img decoding=\"async\" class=\"swiper-slide-image\" src=\"http:\/\/clubecampestrerv.com.br\/site\/wp-content\/uploads\/2025\/06\/clube-campestre-em-rio-verde-goias-89.webp\" alt=\"clube-campestre-em-rio-verde-goias-89\" \/><\/figure><\/div><div class=\"swiper-slide\" role=\"group\" aria-roledescription=\"slide\" aria-label=\"3 de 4\"><figure class=\"swiper-slide-inner\"><img decoding=\"async\" class=\"swiper-slide-image\" src=\"http:\/\/clubecampestrerv.com.br\/site\/wp-content\/uploads\/2025\/06\/clube-campestre-em-rio-verde-goias-88.webp\" alt=\"clube-campestre-em-rio-verde-goias-88\" \/><\/figure><\/div><div class=\"swiper-slide\" role=\"group\" aria-roledescription=\"slide\" aria-label=\"4 de 4\"><figure class=\"swiper-slide-inner\"><img decoding=\"async\" class=\"swiper-slide-image\" src=\"http:\/\/clubecampestrerv.com.br\/site\/wp-content\/uploads\/2025\/06\/clube-campestre-em-rio-verde-goias-87.webp\" alt=\"clube-campestre-em-rio-verde-goias-87\" \/><\/figure><\/div>\t\t\t<\/div>\n\t\t\t\t\t\t\t\t\t\t\t\t<div class=\"elementor-swiper-button elementor-swiper-button-prev\" role=\"button\" tabindex=\"0\">\n\t\t\t\t\t\t<svg aria-hidden=\"true\" class=\"e-font-icon-svg e-eicon-chevron-left\" viewBox=\"0 0 1000 1000\" xmlns=\"http:\/\/www.w3.org\/2000\/svg\"><path d=\"M646 125C629 125 613 133 604 142L308 442C296 454 292 471 292 487 292 504 296 521 308 533L604 854C617 867 629 875 646 875 663 875 679 871 692 858 704 846 713 829 713 812 713 796 708 779 692 767L438 487 692 225C700 217 708 204 708 187 708 171 704 154 692 142 675 129 663 125 646 125Z\"><\/path><\/svg>\t\t\t\t\t<\/div>\n\t\t\t\t\t<div class=\"elementor-swiper-button elementor-swiper-button-next\" role=\"button\" tabindex=\"0\">\n\t\t\t\t\t\t<svg aria-hidden=\"true\" class=\"e-font-icon-svg e-eicon-chevron-right\" viewBox=\"0 0 1000 1000\" xmlns=\"http:\/\/www.w3.org\/2000\/svg\"><path d=\"M696 533C708 521 713 504 713 487 713 471 708 454 696 446L400 146C388 133 375 125 354 125 338 125 325 129 313 142 300 154 292 171 292 187 292 204 296 221 308 233L563 492 304 771C292 783 288 800 288 817 288 833 296 850 308 863 321 871 338 875 354 875 371 875 388 867 400 854L696 533Z\"><\/path><\/svg>\t\t\t\t\t<\/div>\n\t\t\t\t\n\t\t\t\t\t\t\t\t\t<div class=\"swiper-pagination\"><\/div>\n\t\t\t\t\t\t\t\t\t<\/div>\n\t\t\t\t\t\t<\/div>\n\t\t\t\t<\/div>\n\t\t\t\t\t<\/div>\n\t\t\t\t<\/div>\n\t\t\t\t<\/div>\n\t\t","protected":false},"excerpt":{"rendered":"<p>Biribol Divers\u00e3o e atividade f\u00edsica dentro da piscina! Biribol O biribol \u00e9 um esporte coletivo originalmente brasileiro. \u00c9 praticado dentro de uma piscina com 4 m x 8 m x 1,30 (profundidade) com rede (a 2,62 metros de altura para o masculino e 2,40 metros para o feminino), bola espec\u00edfica e postes de sustenta\u00e7\u00e3o. solicitar [&hellip;]<\/p>\n","protected":false},"author":1,"featured_media":0,"parent":518,"menu_order":0,"comment_status":"closed","ping_status":"closed","template":"elementor_header_footer","meta":{"footnotes":""},"class_list":["post-528","page","type-page","status-publish","hentry"],"yoast_head":"<!-- This site is optimized with the Yoast SEO plugin v25.7 - https:\/\/yoast.com\/wordpress\/plugins\/seo\/ -->\n<title>Biribol | Clube Campestre<\/title>\n<meta name=\"robots\" content=\"index, follow, max-snippet:-1, max-image-preview:large, max-video-preview:-1\" \/>\n<link rel=\"canonical\" href=\"http:\/\/clubecampestrerv.com.br\/site\/esportes\/biribol\/\" \/>\n<meta property=\"og:locale\" content=\"pt_BR\" \/>\n<meta property=\"og:type\" content=\"article\" \/>\n<meta property=\"og:title\" content=\"Biribol | Clube Campestre\" \/>\n<meta property=\"og:description\" content=\"Biribol Divers\u00e3o e atividade f\u00edsica dentro da piscina! Biribol O biribol \u00e9 um esporte coletivo originalmente brasileiro. \u00c9 praticado dentro de uma piscina com 4 m x 8 m x 1,30 (profundidade) com rede (a 2,62 metros de altura para o masculino e 2,40 metros para o feminino), bola espec\u00edfica e postes de sustenta\u00e7\u00e3o. solicitar [&hellip;]\" \/>\n<meta property=\"og:url\" content=\"http:\/\/clubecampestrerv.com.br\/site\/esportes\/biribol\/\" \/>\n<meta property=\"og:site_name\" content=\"Clube Campestre\" \/>\n<meta property=\"article:modified_time\" content=\"2025-07-25T17:41:21+00:00\" \/>\n<meta property=\"og:image\" content=\"https:\/\/clubecampestrerv.com.br\/site\/wp-content\/uploads\/2025\/06\/clube-campestre-em-rio-verde-goias-87.webp\" \/>\n<meta name=\"twitter:card\" content=\"summary_large_image\" \/>\n<meta name=\"twitter:label1\" content=\"Est. tempo de leitura\" \/>\n\t<meta name=\"twitter:data1\" content=\"3 minutos\" \/>\n<script type=\"application\/ld+json\" class=\"yoast-schema-graph\">{\"@context\":\"https:\/\/schema.org\",\"@graph\":[{\"@type\":\"WebPage\",\"@id\":\"http:\/\/clubecampestrerv.com.br\/site\/esportes\/biribol\/\",\"url\":\"http:\/\/clubecampestrerv.com.br\/site\/esportes\/biribol\/\",\"name\":\"Biribol | Clube Campestre\",\"isPartOf\":{\"@id\":\"https:\/\/clubecampestrerv.com.br\/site\/#website\"},\"primaryImageOfPage\":{\"@id\":\"http:\/\/clubecampestrerv.com.br\/site\/esportes\/biribol\/#primaryimage\"},\"image\":{\"@id\":\"http:\/\/clubecampestrerv.com.br\/site\/esportes\/biribol\/#primaryimage\"},\"thumbnailUrl\":\"https:\/\/clubecampestrerv.com.br\/site\/wp-content\/uploads\/2025\/06\/clube-campestre-em-rio-verde-goias-87.webp\",\"datePublished\":\"2025-06-17T13:47:09+00:00\",\"dateModified\":\"2025-07-25T17:41:21+00:00\",\"breadcrumb\":{\"@id\":\"http:\/\/clubecampestrerv.com.br\/site\/esportes\/biribol\/#breadcrumb\"},\"inLanguage\":\"pt-BR\",\"potentialAction\":[{\"@type\":\"ReadAction\",\"target\":[\"http:\/\/clubecampestrerv.com.br\/site\/esportes\/biribol\/\"]}]},{\"@type\":\"ImageObject\",\"inLanguage\":\"pt-BR\",\"@id\":\"http:\/\/clubecampestrerv.com.br\/site\/esportes\/biribol\/#primaryimage\",\"url\":\"http:\/\/clubecampestrerv.com.br\/site\/wp-content\/uploads\/2025\/06\/clube-campestre-em-rio-verde-goias-87.webp\",\"contentUrl\":\"http:\/\/clubecampestrerv.com.br\/site\/wp-content\/uploads\/2025\/06\/clube-campestre-em-rio-verde-goias-87.webp\",\"width\":1280,\"height\":960},{\"@type\":\"BreadcrumbList\",\"@id\":\"http:\/\/clubecampestrerv.com.br\/site\/esportes\/biribol\/#breadcrumb\",\"itemListElement\":[{\"@type\":\"ListItem\",\"position\":1,\"name\":\"In\u00edcio\",\"item\":\"http:\/\/clubecampestrerv.com.br\/site\/\"},{\"@type\":\"ListItem\",\"position\":2,\"name\":\"Esportes\",\"item\":\"http:\/\/clubecampestrerv.com.br\/site\/esportes\/\"},{\"@type\":\"ListItem\",\"position\":3,\"name\":\"Biribol\"}]},{\"@type\":\"WebSite\",\"@id\":\"https:\/\/clubecampestrerv.com.br\/site\/#website\",\"url\":\"https:\/\/clubecampestrerv.com.br\/site\/\",\"name\":\"Clube Campestre\",\"description\":\"Rio Verde, GO\",\"publisher\":{\"@id\":\"https:\/\/clubecampestrerv.com.br\/site\/#organization\"},\"potentialAction\":[{\"@type\":\"SearchAction\",\"target\":{\"@type\":\"EntryPoint\",\"urlTemplate\":\"https:\/\/clubecampestrerv.com.br\/site\/?s={search_term_string}\"},\"query-input\":{\"@type\":\"PropertyValueSpecification\",\"valueRequired\":true,\"valueName\":\"search_term_string\"}}],\"inLanguage\":\"pt-BR\"},{\"@type\":\"Organization\",\"@id\":\"https:\/\/clubecampestrerv.com.br\/site\/#organization\",\"name\":\"Clube Campestre\",\"url\":\"https:\/\/clubecampestrerv.com.br\/site\/\",\"logo\":{\"@type\":\"ImageObject\",\"inLanguage\":\"pt-BR\",\"@id\":\"https:\/\/clubecampestrerv.com.br\/site\/#\/schema\/logo\/image\/\",\"url\":\"http:\/\/clubecampestrerv.com.br\/site\/wp-content\/uploads\/2025\/06\/main-logo.webp\",\"contentUrl\":\"http:\/\/clubecampestrerv.com.br\/site\/wp-content\/uploads\/2025\/06\/main-logo.webp\",\"width\":332,\"height\":125,\"caption\":\"Clube Campestre\"},\"image\":{\"@id\":\"https:\/\/clubecampestrerv.com.br\/site\/#\/schema\/logo\/image\/\"}}]}<\/script>\n<!-- \/ Yoast SEO plugin. -->","yoast_head_json":{"title":"Biribol | Clube Campestre","robots":{"index":"index","follow":"follow","max-snippet":"max-snippet:-1","max-image-preview":"max-image-preview:large","max-video-preview":"max-video-preview:-1"},"canonical":"http:\/\/clubecampestrerv.com.br\/site\/esportes\/biribol\/","og_locale":"pt_BR","og_type":"article","og_title":"Biribol | Clube Campestre","og_description":"Biribol Divers\u00e3o e atividade f\u00edsica dentro da piscina! Biribol O biribol \u00e9 um esporte coletivo originalmente brasileiro. \u00c9 praticado dentro de uma piscina com 4 m x 8 m x 1,30 (profundidade) com rede (a 2,62 metros de altura para o masculino e 2,40 metros para o feminino), bola espec\u00edfica e postes de sustenta\u00e7\u00e3o. solicitar [&hellip;]","og_url":"http:\/\/clubecampestrerv.com.br\/site\/esportes\/biribol\/","og_site_name":"Clube Campestre","article_modified_time":"2025-07-25T17:41:21+00:00","og_image":[{"url":"https:\/\/clubecampestrerv.com.br\/site\/wp-content\/uploads\/2025\/06\/clube-campestre-em-rio-verde-goias-87.webp","type":"","width":"","height":""}],"twitter_card":"summary_large_image","twitter_misc":{"Est. tempo de leitura":"3 minutos"},"schema":{"@context":"https:\/\/schema.org","@graph":[{"@type":"WebPage","@id":"http:\/\/clubecampestrerv.com.br\/site\/esportes\/biribol\/","url":"http:\/\/clubecampestrerv.com.br\/site\/esportes\/biribol\/","name":"Biribol | Clube Campestre","isPartOf":{"@id":"https:\/\/clubecampestrerv.com.br\/site\/#website"},"primaryImageOfPage":{"@id":"http:\/\/clubecampestrerv.com.br\/site\/esportes\/biribol\/#primaryimage"},"image":{"@id":"http:\/\/clubecampestrerv.com.br\/site\/esportes\/biribol\/#primaryimage"},"thumbnailUrl":"https:\/\/clubecampestrerv.com.br\/site\/wp-content\/uploads\/2025\/06\/clube-campestre-em-rio-verde-goias-87.webp","datePublished":"2025-06-17T13:47:09+00:00","dateModified":"2025-07-25T17:41:21+00:00","breadcrumb":{"@id":"http:\/\/clubecampestrerv.com.br\/site\/esportes\/biribol\/#breadcrumb"},"inLanguage":"pt-BR","potentialAction":[{"@type":"ReadAction","target":["http:\/\/clubecampestrerv.com.br\/site\/esportes\/biribol\/"]}]},{"@type":"ImageObject","inLanguage":"pt-BR","@id":"http:\/\/clubecampestrerv.com.br\/site\/esportes\/biribol\/#primaryimage","url":"http:\/\/clubecampestrerv.com.br\/site\/wp-content\/uploads\/2025\/06\/clube-campestre-em-rio-verde-goias-87.webp","contentUrl":"http:\/\/clubecampestrerv.com.br\/site\/wp-content\/uploads\/2025\/06\/clube-campestre-em-rio-verde-goias-87.webp","width":1280,"height":960},{"@type":"BreadcrumbList","@id":"http:\/\/clubecampestrerv.com.br\/site\/esportes\/biribol\/#breadcrumb","itemListElement":[{"@type":"ListItem","position":1,"name":"In\u00edcio","item":"http:\/\/clubecampestrerv.com.br\/site\/"},{"@type":"ListItem","position":2,"name":"Esportes","item":"http:\/\/clubecampestrerv.com.br\/site\/esportes\/"},{"@type":"ListItem","position":3,"name":"Biribol"}]},{"@type":"WebSite","@id":"https:\/\/clubecampestrerv.com.br\/site\/#website","url":"https:\/\/clubecampestrerv.com.br\/site\/","name":"Clube Campestre","description":"Rio Verde, GO","publisher":{"@id":"https:\/\/clubecampestrerv.com.br\/site\/#organization"},"potentialAction":[{"@type":"SearchAction","target":{"@type":"EntryPoint","urlTemplate":"https:\/\/clubecampestrerv.com.br\/site\/?s={search_term_string}"},"query-input":{"@type":"PropertyValueSpecification","valueRequired":true,"valueName":"search_term_string"}}],"inLanguage":"pt-BR"},{"@type":"Organization","@id":"https:\/\/clubecampestrerv.com.br\/site\/#organization","name":"Clube Campestre","url":"https:\/\/clubecampestrerv.com.br\/site\/","logo":{"@type":"ImageObject","inLanguage":"pt-BR","@id":"https:\/\/clubecampestrerv.com.br\/site\/#\/schema\/logo\/image\/","url":"http:\/\/clubecampestrerv.com.br\/site\/wp-content\/uploads\/2025\/06\/main-logo.webp","contentUrl":"http:\/\/clubecampestrerv.com.br\/site\/wp-content\/uploads\/2025\/06\/main-logo.webp","width":332,"height":125,"caption":"Clube Campestre"},"image":{"@id":"https:\/\/clubecampestrerv.com.br\/site\/#\/schema\/logo\/image\/"}}]}},"_links":{"self":[{"href":"http:\/\/clubecampestrerv.com.br\/site\/wp-json\/wp\/v2\/pages\/528","targetHints":{"allow":["GET"]}}],"collection":[{"href":"http:\/\/clubecampestrerv.com.br\/site\/wp-json\/wp\/v2\/pages"}],"about":[{"href":"http:\/\/clubecampestrerv.com.br\/site\/wp-json\/wp\/v2\/types\/page"}],"author":[{"embeddable":true,"href":"http:\/\/clubecampestrerv.com.br\/site\/wp-json\/wp\/v2\/users\/1"}],"replies":[{"embeddable":true,"href":"http:\/\/clubecampestrerv.com.br\/site\/wp-json\/wp\/v2\/comments?post=528"}],"version-history":[{"count":55,"href":"http:\/\/clubecampestrerv.com.br\/site\/wp-json\/wp\/v2\/pages\/528\/revisions"}],"predecessor-version":[{"id":2702,"href":"http:\/\/clubecampestrerv.com.br\/site\/wp-json\/wp\/v2\/pages\/528\/revisions\/2702"}],"up":[{"embeddable":true,"href":"http:\/\/clubecampestrerv.com.br\/site\/wp-json\/wp\/v2\/pages\/518"}],"wp:attachment":[{"href":"http:\/\/clubecampestrerv.com.br\/site\/wp-json\/wp\/v2\/media?parent=528"}],"curies":[{"name":"wp","href":"https:\/\/api.w.org\/{rel}","templated":true}]}}